{"id":990,"date":"2024-10-31T17:41:05","date_gmt":"2024-10-31T17:41:05","guid":{"rendered":"https:\/\/mariamedyanik.com\/?page_id=990"},"modified":"2024-11-11T17:41:38","modified_gmt":"2024-11-11T17:41:38","slug":"blog","status":"publish","type":"page","link":"https:\/\/mariamedyanik.com\/index.php\/blog","title":{"rendered":"Blog"},"content":{"rendered":"\t\t<div data-elementor-type=\"wp-page\" data-elementor-id=\"990\" class=\"elementor elementor-990\" data-elementor-post-type=\"page\">\n\t\t\t\t<div class=\"elementor-element elementor-element-5aead68d e-flex e-con-boxed e-con e-parent\" data-id=\"5aead68d\" data-element_type=\"container\" data-settings=\"{&quot;background_background&quot;:&quot;classic&quot;}\">\n\t\t\t\t\t<div class=\"e-con-inner\">\n\t\t\t\t<div class=\"elementor-element elementor-element-45ba0d9f elementor-widget elementor-widget-heading\" data-id=\"45ba0d9f\" data-element_type=\"widget\" data-widget_type=\"heading.default\">\n\t\t\t\t<div class=\"elementor-widget-container\">\n\t\t\t\t\t<h2 class=\"elementor-heading-title elementor-size-default\">Blog<\/h2>\t\t\t\t<\/div>\n\t\t\t\t<\/div>\n\t\t\t\t\t<\/div>\n\t\t\t\t<\/div>\n\t\t<div class=\"elementor-element elementor-element-d1ca4bd e-flex e-con-boxed e-con e-parent\" data-id=\"d1ca4bd\" data-element_type=\"container\" data-settings=\"{&quot;background_background&quot;:&quot;classic&quot;}\">\n\t\t\t\t\t<div class=\"e-con-inner\">\n\t\t\t\t<div class=\"elementor-element elementor-element-ca00779 elementor-grid-3 elementor-grid-tablet-2 elementor-grid-mobile-1 elementor-widget elementor-widget-loop-grid\" data-id=\"ca00779\" data-element_type=\"widget\" data-settings=\"{&quot;template_id&quot;:&quot;1004&quot;,&quot;_skin&quot;:&quot;post&quot;,&quot;columns&quot;:&quot;3&quot;,&quot;columns_tablet&quot;:&quot;2&quot;,&quot;columns_mobile&quot;:&quot;1&quot;,&quot;edit_handle_selector&quot;:&quot;[data-elementor-type=\\&quot;loop-item\\&quot;]&quot;,&quot;row_gap&quot;:{&quot;unit&quot;:&quot;px&quot;,&quot;size&quot;:&quot;&quot;,&quot;sizes&quot;:[]},&quot;row_gap_tablet&quot;:{&quot;unit&quot;:&quot;px&quot;,&quot;size&quot;:&quot;&quot;,&quot;sizes&quot;:[]},&quot;row_gap_mobile&quot;:{&quot;unit&quot;:&quot;px&quot;,&quot;size&quot;:&quot;&quot;,&quot;sizes&quot;:[]}}\" data-widget_type=\"loop-grid.post\">\n\t\t\t\t<div class=\"elementor-widget-container\">\n\t\t\t\t\t\t\t<div class=\"elementor-loop-container elementor-grid\" role=\"list\">\n\t\t<style id=\"loop-1004\">.elementor-1004 .elementor-element.elementor-element-7e56739a{--display:flex;--flex-direction:column;--container-widget-width:100%;--container-widget-height:initial;--container-widget-flex-grow:0;--container-widget-align-self:initial;--flex-wrap-mobile:wrap;--gap:10px 10px;--row-gap:10px;--column-gap:10px;border-style:solid;--border-style:solid;border-width:1px 1px 1px 1px;--border-top-width:1px;--border-right-width:1px;--border-bottom-width:1px;--border-left-width:1px;border-color:var( --e-global-color-primary );--border-color:var( --e-global-color-primary );--border-radius:20px 20px 20px 20px;--padding-top:20px;--padding-bottom:55px;--padding-left:20px;--padding-right:20px;}.elementor-1004 .elementor-element.elementor-element-7e56739a:not(.elementor-motion-effects-element-type-background), .elementor-1004 .elementor-element.elementor-element-7e56739a > .elementor-motion-effects-container > .elementor-motion-effects-layer{background-color:var( --e-global-color-secondary );}.elementor-1004 .elementor-element.elementor-element-7e56739a:hover{box-shadow:0px 2px 25px 0px rgba(0, 0, 0, 0.2);}.elementor-widget-theme-post-featured-image .widget-image-caption{color:var( --e-global-color-text );font-family:var( --e-global-typography-text-font-family ), Sans-serif;font-size:var( --e-global-typography-text-font-size );font-weight:var( --e-global-typography-text-font-weight );text-transform:var( --e-global-typography-text-text-transform );font-style:var( --e-global-typography-text-font-style );text-decoration:var( --e-global-typography-text-text-decoration );line-height:var( --e-global-typography-text-line-height );letter-spacing:var( --e-global-typography-text-letter-spacing );word-spacing:var( --e-global-typography-text-word-spacing );}.elementor-1004 .elementor-element.elementor-element-30a1e2ee{width:100%;max-width:100%;}.elementor-1004 .elementor-element.elementor-element-30a1e2ee img{width:100%;height:260px;object-fit:cover;object-position:center center;filter:brightness( 100% ) contrast( 100% ) saturate( 100% ) blur( 0px ) hue-rotate( 0deg );transition-duration:0.3s;border-radius:20px 20px 20px 20px;}.elementor-1004 .elementor-element.elementor-element-30a1e2ee:hover img{filter:brightness( 105% ) contrast( 100% ) saturate( 105% ) blur( 0px ) hue-rotate( 0deg );}.elementor-widget-theme-post-title .elementor-heading-title{font-family:var( --e-global-typography-primary-font-family ), Sans-serif;font-size:var( --e-global-typography-primary-font-size );font-weight:var( --e-global-typography-primary-font-weight );text-transform:var( --e-global-typography-primary-text-transform );font-style:var( --e-global-typography-primary-font-style );text-decoration:var( --e-global-typography-primary-text-decoration );line-height:var( --e-global-typography-primary-line-height );letter-spacing:var( --e-global-typography-primary-letter-spacing );word-spacing:var( --e-global-typography-primary-word-spacing );color:var( --e-global-color-primary );}.elementor-1004 .elementor-element.elementor-element-3de41c9c > .elementor-widget-container{padding:10px 0px 0px 0px;}.elementor-1004 .elementor-element.elementor-element-3de41c9c .elementor-heading-title{font-family:\"Fraunces\", Sans-serif;font-size:16px;font-weight:500;text-transform:uppercase;font-style:normal;text-decoration:none;line-height:1em;letter-spacing:0px;word-spacing:0px;color:var( --e-global-color-primary );}.elementor-1004 .elementor-element.elementor-element-6e5ada35{--display:flex;--flex-direction:row;--container-widget-width:calc( ( 1 - var( --container-widget-flex-grow ) ) * 100% );--container-widget-height:100%;--container-widget-flex-grow:1;--container-widget-align-self:stretch;--flex-wrap-mobile:wrap;--align-items:center;--gap:14px 14px;--row-gap:14px;--column-gap:14px;--margin-top:15px;--margin-bottom:15px;--margin-left:0px;--margin-right:0px;--padding-top:0px;--padding-bottom:0px;--padding-left:0px;--padding-right:0px;}.elementor-widget-heading .elementor-heading-title{font-family:var( --e-global-typography-primary-font-family ), Sans-serif;font-size:var( --e-global-typography-primary-font-size );font-weight:var( --e-global-typography-primary-font-weight );text-transform:var( --e-global-typography-primary-text-transform );font-style:var( --e-global-typography-primary-font-style );text-decoration:var( --e-global-typography-primary-text-decoration );line-height:var( --e-global-typography-primary-line-height );letter-spacing:var( --e-global-typography-primary-letter-spacing );word-spacing:var( --e-global-typography-primary-word-spacing );color:var( --e-global-color-primary );}.elementor-1004 .elementor-element.elementor-element-7e1e7fbd > .elementor-widget-container{background-color:var( --e-global-color-secondary );padding:3px 12px 2px 12px;border-style:solid;border-width:1px 1px 1px 1px;border-color:var( --e-global-color-accent );border-radius:30px 30px 30px 30px;}.elementor-1004 .elementor-element.elementor-element-7e1e7fbd .elementor-heading-title{font-family:var( --e-global-typography-accent-font-family ), Sans-serif;font-size:var( --e-global-typography-accent-font-size );font-weight:var( --e-global-typography-accent-font-weight );text-transform:var( --e-global-typography-accent-text-transform );font-style:var( --e-global-typography-accent-font-style );text-decoration:var( --e-global-typography-accent-text-decoration );line-height:var( --e-global-typography-accent-line-height );letter-spacing:var( --e-global-typography-accent-letter-spacing );word-spacing:var( --e-global-typography-accent-word-spacing );-webkit-text-stroke-color:#000;stroke:#000;color:var( --e-global-color-primary );}.elementor-1004 .elementor-element.elementor-element-af339c8 .elementor-heading-title{font-family:var( --e-global-typography-f3e73d3-font-family ), Sans-serif;font-size:var( --e-global-typography-f3e73d3-font-size );font-weight:var( --e-global-typography-f3e73d3-font-weight );text-transform:var( --e-global-typography-f3e73d3-text-transform );font-style:var( --e-global-typography-f3e73d3-font-style );text-decoration:var( --e-global-typography-f3e73d3-text-decoration );line-height:var( --e-global-typography-f3e73d3-line-height );letter-spacing:var( --e-global-typography-f3e73d3-letter-spacing );word-spacing:var( --e-global-typography-f3e73d3-word-spacing );}.elementor-1004 .elementor-element.elementor-element-7539ebf5 > .elementor-widget-container{margin:-5px 0px 0px 0px;}.elementor-1004 .elementor-element.elementor-element-7539ebf5 .elementor-heading-title{font-family:\"Inter\", Sans-serif;font-size:12px;font-weight:500;text-transform:capitalize;text-decoration:none;line-height:1.5em;letter-spacing:-0.01em;word-spacing:0em;color:var( --e-global-color-primary );}@media(max-width:1024px){.elementor-widget-theme-post-featured-image .widget-image-caption{font-size:var( --e-global-typography-text-font-size );line-height:var( --e-global-typography-text-line-height );letter-spacing:var( --e-global-typography-text-letter-spacing );word-spacing:var( --e-global-typography-text-word-spacing );}.elementor-1004 .elementor-element.elementor-element-30a1e2ee img{height:200px;}.elementor-widget-theme-post-title .elementor-heading-title{font-size:var( --e-global-typography-primary-font-size );line-height:var( --e-global-typography-primary-line-height );letter-spacing:var( --e-global-typography-primary-letter-spacing );word-spacing:var( --e-global-typography-primary-word-spacing );}.elementor-1004 .elementor-element.elementor-element-6e5ada35{--justify-content:space-between;}.elementor-widget-heading .elementor-heading-title{font-size:var( --e-global-typography-primary-font-size );line-height:var( --e-global-typography-primary-line-height );letter-spacing:var( --e-global-typography-primary-letter-spacing );word-spacing:var( --e-global-typography-primary-word-spacing );}.elementor-1004 .elementor-element.elementor-element-7e1e7fbd .elementor-heading-title{font-size:var( --e-global-typography-accent-font-size );line-height:var( --e-global-typography-accent-line-height );letter-spacing:var( --e-global-typography-accent-letter-spacing );word-spacing:var( --e-global-typography-accent-word-spacing );}.elementor-1004 .elementor-element.elementor-element-af339c8 .elementor-heading-title{font-size:var( --e-global-typography-f3e73d3-font-size );line-height:var( --e-global-typography-f3e73d3-line-height );letter-spacing:var( --e-global-typography-f3e73d3-letter-spacing );word-spacing:var( --e-global-typography-f3e73d3-word-spacing );}}@media(max-width:767px){.elementor-widget-theme-post-featured-image .widget-image-caption{font-size:var( --e-global-typography-text-font-size );line-height:var( --e-global-typography-text-line-height );letter-spacing:var( --e-global-typography-text-letter-spacing );word-spacing:var( --e-global-typography-text-word-spacing );}.elementor-1004 .elementor-element.elementor-element-30a1e2ee img{height:168px;}.elementor-widget-theme-post-title .elementor-heading-title{font-size:var( --e-global-typography-primary-font-size );line-height:var( --e-global-typography-primary-line-height );letter-spacing:var( --e-global-typography-primary-letter-spacing );word-spacing:var( --e-global-typography-primary-word-spacing );}.elementor-1004 .elementor-element.elementor-element-3de41c9c{text-align:left;}.elementor-1004 .elementor-element.elementor-element-6e5ada35{--justify-content:flex-start;}.elementor-widget-heading .elementor-heading-title{font-size:var( --e-global-typography-primary-font-size );line-height:var( --e-global-typography-primary-line-height );letter-spacing:var( --e-global-typography-primary-letter-spacing );word-spacing:var( --e-global-typography-primary-word-spacing );}.elementor-1004 .elementor-element.elementor-element-7e1e7fbd > .elementor-widget-container{padding:1px 12px 1px 12px;}.elementor-1004 .elementor-element.elementor-element-7e1e7fbd .elementor-heading-title{font-size:var( --e-global-typography-accent-font-size );line-height:var( --e-global-typography-accent-line-height );letter-spacing:var( --e-global-typography-accent-letter-spacing );word-spacing:var( --e-global-typography-accent-word-spacing );}.elementor-1004 .elementor-element.elementor-element-af339c8 .elementor-heading-title{font-size:var( --e-global-typography-f3e73d3-font-size );line-height:var( --e-global-typography-f3e73d3-line-height );letter-spacing:var( --e-global-typography-f3e73d3-letter-spacing );word-spacing:var( --e-global-typography-f3e73d3-word-spacing );}.elementor-1004 .elementor-element.elementor-element-7539ebf5{text-align:left;}.elementor-1004 .elementor-element.elementor-element-7539ebf5 .elementor-heading-title{font-size:16px;line-height:1.2em;}}<\/style>\t\t<div data-elementor-type=\"loop-item\" data-elementor-id=\"1004\" class=\"elementor elementor-1004 e-loop-item e-loop-item-1027 post-1027 post type-post status-publish format-standard has-post-thumbnail hentry category-uncategorized\" data-elementor-post-type=\"elementor_library\" data-custom-edit-handle=\"1\">\n\t\t\t<a class=\"elementor-element elementor-element-7e56739a e-con-full e-flex e-con e-parent\" data-id=\"7e56739a\" data-element_type=\"container\" data-settings=\"{&quot;background_background&quot;:&quot;classic&quot;}\" href=\"https:\/\/mariamedyanik.com\/index.php\/archivos\/1027\">\n\t\t\t\t<div class=\"elementor-element elementor-element-30a1e2ee elementor-widget__width-inherit elementor-widget elementor-widget-theme-post-featured-image elementor-widget-image\" data-id=\"30a1e2ee\" data-element_type=\"widget\" data-widget_type=\"theme-post-featured-image.default\">\n\t\t\t\t<div class=\"elementor-widget-container\">\n\t\t\t\t\t\t\t\t\t\t\t\t\t\t\t<img fetchpriority=\"high\" decoding=\"async\" width=\"2560\" height=\"1707\" src=\"https:\/\/mariamedyanik.com\/wp-content\/uploads\/2024\/10\/kazuend-19SC2oaVZW0-unsplash-scaled.jpg\" class=\"attachment-full size-full wp-image-1032\" alt=\"\" srcset=\"https:\/\/mariamedyanik.com\/wp-content\/uploads\/2024\/10\/kazuend-19SC2oaVZW0-unsplash-scaled.jpg 2560w, https:\/\/mariamedyanik.com\/wp-content\/uploads\/2024\/10\/kazuend-19SC2oaVZW0-unsplash-300x200.jpg 300w, https:\/\/mariamedyanik.com\/wp-content\/uploads\/2024\/10\/kazuend-19SC2oaVZW0-unsplash-1024x683.jpg 1024w, https:\/\/mariamedyanik.com\/wp-content\/uploads\/2024\/10\/kazuend-19SC2oaVZW0-unsplash-768x512.jpg 768w, https:\/\/mariamedyanik.com\/wp-content\/uploads\/2024\/10\/kazuend-19SC2oaVZW0-unsplash-1536x1024.jpg 1536w, https:\/\/mariamedyanik.com\/wp-content\/uploads\/2024\/10\/kazuend-19SC2oaVZW0-unsplash-2048x1365.jpg 2048w\" sizes=\"(max-width: 2560px) 100vw, 2560px\" \/>\t\t\t\t\t\t\t\t\t\t\t\t\t\t\t<\/div>\n\t\t\t\t<\/div>\n\t\t\t\t<div class=\"elementor-element elementor-element-3de41c9c elementor-widget elementor-widget-theme-post-title elementor-page-title elementor-widget-heading\" data-id=\"3de41c9c\" data-element_type=\"widget\" data-widget_type=\"theme-post-title.default\">\n\t\t\t\t<div class=\"elementor-widget-container\">\n\t\t\t\t\t<h4 class=\"elementor-heading-title elementor-size-default\">Descubre los Secretos del Inconsciente: C\u00f3mo el Psicoan\u00e1lisis Puede Transformar Tu Vida<\/h4>\t\t\t\t<\/div>\n\t\t\t\t<\/div>\n\t\t<div class=\"elementor-element elementor-element-6e5ada35 e-con-full e-flex e-con e-child\" data-id=\"6e5ada35\" data-element_type=\"container\">\n\t\t\t\t<div class=\"elementor-element elementor-element-7e1e7fbd elementor-widget elementor-widget-heading\" data-id=\"7e1e7fbd\" data-element_type=\"widget\" data-widget_type=\"heading.default\">\n\t\t\t\t<div class=\"elementor-widget-container\">\n\t\t\t\t\t<p class=\"elementor-heading-title elementor-size-default\">octubre 31, 2024<\/p>\t\t\t\t<\/div>\n\t\t\t\t<\/div>\n\t\t\t\t<\/div>\n\t\t\t\t<div class=\"elementor-element elementor-element-af339c8 elementor-widget elementor-widget-heading\" data-id=\"af339c8\" data-element_type=\"widget\" data-widget_type=\"heading.default\">\n\t\t\t\t<div class=\"elementor-widget-container\">\n\t\t\t\t\t<h2 class=\"elementor-heading-title elementor-size-default\">Autor<\/h2>\t\t\t\t<\/div>\n\t\t\t\t<\/div>\n\t\t\t\t<div class=\"elementor-element elementor-element-7539ebf5 elementor-widget elementor-widget-heading\" data-id=\"7539ebf5\" data-element_type=\"widget\" data-widget_type=\"heading.default\">\n\t\t\t\t<div class=\"elementor-widget-container\">\n\t\t\t\t\t<p class=\"elementor-heading-title elementor-size-default\">mariamedyanik<\/p>\t\t\t\t<\/div>\n\t\t\t\t<\/div>\n\t\t\t\t<\/a>\n\t\t\t\t<\/div>\n\t\t\t\t<div data-elementor-type=\"loop-item\" data-elementor-id=\"1004\" class=\"elementor elementor-1004 e-loop-item e-loop-item-1 post-1 post type-post status-publish format-standard has-post-thumbnail hentry category-uncategorized\" data-elementor-post-type=\"elementor_library\" data-custom-edit-handle=\"1\">\n\t\t\t<a class=\"elementor-element elementor-element-7e56739a e-con-full e-flex e-con e-parent\" data-id=\"7e56739a\" data-element_type=\"container\" data-settings=\"{&quot;background_background&quot;:&quot;classic&quot;}\" href=\"https:\/\/mariamedyanik.com\/index.php\/archivos\/1\">\n\t\t\t\t<div class=\"elementor-element elementor-element-30a1e2ee elementor-widget__width-inherit elementor-widget elementor-widget-theme-post-featured-image elementor-widget-image\" data-id=\"30a1e2ee\" data-element_type=\"widget\" data-widget_type=\"theme-post-featured-image.default\">\n\t\t\t\t<div class=\"elementor-widget-container\">\n\t\t\t\t\t\t\t\t\t\t\t\t\t\t\t<img decoding=\"async\" width=\"1723\" height=\"2560\" src=\"https:\/\/mariamedyanik.com\/wp-content\/uploads\/2024\/10\/eugenia-maximova-DMxfqubQciA-unsplash-scaled.jpg\" class=\"attachment-full size-full wp-image-458\" alt=\"\" srcset=\"https:\/\/mariamedyanik.com\/wp-content\/uploads\/2024\/10\/eugenia-maximova-DMxfqubQciA-unsplash-scaled.jpg 1723w, https:\/\/mariamedyanik.com\/wp-content\/uploads\/2024\/10\/eugenia-maximova-DMxfqubQciA-unsplash-202x300.jpg 202w, https:\/\/mariamedyanik.com\/wp-content\/uploads\/2024\/10\/eugenia-maximova-DMxfqubQciA-unsplash-689x1024.jpg 689w, https:\/\/mariamedyanik.com\/wp-content\/uploads\/2024\/10\/eugenia-maximova-DMxfqubQciA-unsplash-768x1141.jpg 768w, https:\/\/mariamedyanik.com\/wp-content\/uploads\/2024\/10\/eugenia-maximova-DMxfqubQciA-unsplash-1034x1536.jpg 1034w, https:\/\/mariamedyanik.com\/wp-content\/uploads\/2024\/10\/eugenia-maximova-DMxfqubQciA-unsplash-1378x2048.jpg 1378w\" sizes=\"(max-width: 1723px) 100vw, 1723px\" \/>\t\t\t\t\t\t\t\t\t\t\t\t\t\t\t<\/div>\n\t\t\t\t<\/div>\n\t\t\t\t<div class=\"elementor-element elementor-element-3de41c9c elementor-widget elementor-widget-theme-post-title elementor-page-title elementor-widget-heading\" data-id=\"3de41c9c\" data-element_type=\"widget\" data-widget_type=\"theme-post-title.default\">\n\t\t\t\t<div class=\"elementor-widget-container\">\n\t\t\t\t\t<h4 class=\"elementor-heading-title elementor-size-default\">\u00a1Est\u00e1n todos locos!<\/h4>\t\t\t\t<\/div>\n\t\t\t\t<\/div>\n\t\t<div class=\"elementor-element elementor-element-6e5ada35 e-con-full e-flex e-con e-child\" data-id=\"6e5ada35\" data-element_type=\"container\">\n\t\t\t\t<div class=\"elementor-element elementor-element-7e1e7fbd elementor-widget elementor-widget-heading\" data-id=\"7e1e7fbd\" data-element_type=\"widget\" data-widget_type=\"heading.default\">\n\t\t\t\t<div class=\"elementor-widget-container\">\n\t\t\t\t\t<p class=\"elementor-heading-title elementor-size-default\">octubre 9, 2022<\/p>\t\t\t\t<\/div>\n\t\t\t\t<\/div>\n\t\t\t\t<\/div>\n\t\t\t\t<div class=\"elementor-element elementor-element-af339c8 elementor-widget elementor-widget-heading\" data-id=\"af339c8\" data-element_type=\"widget\" data-widget_type=\"heading.default\">\n\t\t\t\t<div class=\"elementor-widget-container\">\n\t\t\t\t\t<h2 class=\"elementor-heading-title elementor-size-default\">Autor<\/h2>\t\t\t\t<\/div>\n\t\t\t\t<\/div>\n\t\t\t\t<div class=\"elementor-element elementor-element-7539ebf5 elementor-widget elementor-widget-heading\" data-id=\"7539ebf5\" data-element_type=\"widget\" data-widget_type=\"heading.default\">\n\t\t\t\t<div class=\"elementor-widget-container\">\n\t\t\t\t\t<p class=\"elementor-heading-title elementor-size-default\">mariamedyanik<\/p>\t\t\t\t<\/div>\n\t\t\t\t<\/div>\n\t\t\t\t<\/a>\n\t\t\t\t<\/div>\n\t\t\t\t<\/div>\n\t\t\n\t\t\t\t\t\t<\/div>\n\t\t\t\t<\/div>\n\t\t\t\t\t<\/div>\n\t\t\t\t<\/div>\n\t\t<div class=\"elementor-element elementor-element-5fc0a01 e-flex e-con-boxed e-con e-parent\" data-id=\"5fc0a01\" data-element_type=\"container\" data-settings=\"{&quot;background_background&quot;:&quot;classic&quot;}\">\n\t\t\t\t\t<div class=\"e-con-inner\">\n\t\t<div class=\"elementor-element elementor-element-d9a2df1 e-con-full e-flex e-con e-child\" data-id=\"d9a2df1\" data-element_type=\"container\" data-settings=\"{&quot;background_background&quot;:&quot;classic&quot;}\">\n\t\t\t\t<div class=\"elementor-element elementor-element-b08a421 elementor-widget elementor-widget-image\" data-id=\"b08a421\" data-element_type=\"widget\" data-widget_type=\"image.default\">\n\t\t\t\t<div class=\"elementor-widget-container\">\n\t\t\t\t\t\t\t\t\t\t\t\t\t\t\t<img decoding=\"async\" width=\"683\" height=\"1024\" src=\"https:\/\/mariamedyanik.com\/wp-content\/uploads\/2024\/10\/Psicologa-Psicoanalista-\u2013-mariamedyanik-683x1024.jpg\" class=\"attachment-large size-large wp-image-403\" alt=\"\" srcset=\"https:\/\/mariamedyanik.com\/wp-content\/uploads\/2024\/10\/Psicologa-Psicoanalista-\u2013-mariamedyanik-683x1024.jpg 683w, https:\/\/mariamedyanik.com\/wp-content\/uploads\/2024\/10\/Psicologa-Psicoanalista-\u2013-mariamedyanik-200x300.jpg 200w, https:\/\/mariamedyanik.com\/wp-content\/uploads\/2024\/10\/Psicologa-Psicoanalista-\u2013-mariamedyanik-768x1152.jpg 768w, https:\/\/mariamedyanik.com\/wp-content\/uploads\/2024\/10\/Psicologa-Psicoanalista-\u2013-mariamedyanik-1024x1536.jpg 1024w, https:\/\/mariamedyanik.com\/wp-content\/uploads\/2024\/10\/Psicologa-Psicoanalista-\u2013-mariamedyanik-1365x2048.jpg 1365w, https:\/\/mariamedyanik.com\/wp-content\/uploads\/2024\/10\/Psicologa-Psicoanalista-\u2013-mariamedyanik-scaled.jpg 1707w\" sizes=\"(max-width: 683px) 100vw, 683px\" \/>\t\t\t\t\t\t\t\t\t\t\t\t\t\t\t<\/div>\n\t\t\t\t<\/div>\n\t\t\t\t<\/div>\n\t\t<div class=\"elementor-element elementor-element-2c0304f e-con-full e-flex e-con e-child\" data-id=\"2c0304f\" data-element_type=\"container\">\n\t\t\t\t<div class=\"elementor-element elementor-element-c38f140 elementor-widget elementor-widget-heading\" data-id=\"c38f140\" data-element_type=\"widget\" data-widget_type=\"heading.default\">\n\t\t\t\t<div class=\"elementor-widget-container\">\n\t\t\t\t\t<h2 class=\"elementor-heading-title elementor-size-default\">Consulta psicol\u00f3gica multiling\u00fce: <br>Espa\u00f1ol, ingl\u00e9s y ruso<\/h2>\t\t\t\t<\/div>\n\t\t\t\t<\/div>\n\t\t\t\t<div class=\"elementor-element elementor-element-1b8f126 elementor-widget elementor-widget-heading\" data-id=\"1b8f126\" data-element_type=\"widget\" data-widget_type=\"heading.default\">\n\t\t\t\t<div class=\"elementor-widget-container\">\n\t\t\t\t\t<h2 class=\"elementor-heading-title elementor-size-default\">Ofrecemos sesiones en varios idiomas para que te sientas c\u00f3modo expres\u00e1ndote en el idioma que prefieras. Estamos aqu\u00ed para acompa\u00f1arte en tu proceso.<\/h2>\t\t\t\t<\/div>\n\t\t\t\t<\/div>\n\t\t\t\t<div class=\"elementor-element elementor-element-6ea9538 elementor-align-left elementor-mobile-align-center elementor-widget elementor-widget-button\" data-id=\"6ea9538\" data-element_type=\"widget\" data-widget_type=\"button.default\">\n\t\t\t\t<div class=\"elementor-widget-container\">\n\t\t\t\t\t\t\t\t\t<div class=\"elementor-button-wrapper\">\n\t\t\t\t\t<a class=\"elementor-button elementor-button-link elementor-size-sm elementor-animation-shrink\" href=\"https:\/\/mariamedyanik.com\/index.php\/contact-us\">\n\t\t\t\t\t\t<span class=\"elementor-button-content-wrapper\">\n\t\t\t\t\t\t\t\t\t<span class=\"elementor-button-text\">Contacto<\/span>\n\t\t\t\t\t<\/span>\n\t\t\t\t\t<\/a>\n\t\t\t\t<\/div>\n\t\t\t\t\t\t\t\t<\/div>\n\t\t\t\t<\/div>\n\t\t\t\t<\/div>\n\t\t\t\t\t<\/div>\n\t\t\t\t<\/div>\n\t\t\t\t<\/div>\n\t\t","protected":false},"excerpt":{"rendered":"<p>Blog Consulta psicol\u00f3gica multiling\u00fce: Espa\u00f1ol, ingl\u00e9s y ruso Ofrecemos sesiones en varios idiomas para que te sientas c\u00f3modo expres\u00e1ndote en el idioma que prefieras. Estamos aqu\u00ed para acompa\u00f1arte en tu proceso. Contacto<\/p>\n","protected":false},"author":1,"featured_media":0,"parent":0,"menu_order":0,"comment_status":"closed","ping_status":"closed","template":"elementor_header_footer","meta":{"footnotes":""},"class_list":["post-990","page","type-page","status-publish","hentry"],"_links":{"self":[{"href":"https:\/\/mariamedyanik.com\/index.php\/wp-json\/wp\/v2\/pages\/990","targetHints":{"allow":["GET"]}}],"collection":[{"href":"https:\/\/mariamedyanik.com\/index.php\/wp-json\/wp\/v2\/pages"}],"about":[{"href":"https:\/\/mariamedyanik.com\/index.php\/wp-json\/wp\/v2\/types\/page"}],"author":[{"embeddable":true,"href":"https:\/\/mariamedyanik.com\/index.php\/wp-json\/wp\/v2\/users\/1"}],"replies":[{"embeddable":true,"href":"https:\/\/mariamedyanik.com\/index.php\/wp-json\/wp\/v2\/comments?post=990"}],"version-history":[{"count":37,"href":"https:\/\/mariamedyanik.com\/index.php\/wp-json\/wp\/v2\/pages\/990\/revisions"}],"predecessor-version":[{"id":1205,"href":"https:\/\/mariamedyanik.com\/index.php\/wp-json\/wp\/v2\/pages\/990\/revisions\/1205"}],"wp:attachment":[{"href":"https:\/\/mariamedyanik.com\/index.php\/wp-json\/wp\/v2\/media?parent=990"}],"curies":[{"name":"wp","href":"https:\/\/api.w.org\/{rel}","templated":true}]}}